{"id":1013,"date":"2024-09-06T07:45:24","date_gmt":"2024-09-06T07:45:24","guid":{"rendered":"https:\/\/asenciohomes.es\/?page_id=1013"},"modified":"2026-03-09T10:00:29","modified_gmt":"2026-03-09T10:00:29","slug":"toegankelijkheid","status":"publish","type":"page","link":"https:\/\/asenciohomes.com\/nl\/accesibilidad\/","title":{"rendered":"Toegankelijkheid"},"content":{"rendered":"<div data-elementor-type=\"wp-page\" data-elementor-id=\"1013\" class=\"elementor elementor-1013\" data-elementor-post-type=\"page\">\n\t\t\t\t<div class=\"elementor-element elementor-element-11888fe e-flex e-con-boxed e-con e-parent\" data-id=\"11888fe\" data-element_type=\"container\" data-e-type=\"container\" data-settings=\"{&quot;ekit_has_onepagescroll_dot&quot;:&quot;yes&quot;}\">\n\t\t\t\t\t<div class=\"e-con-inner\">\n\t\t\t\t<div class=\"elementor-element elementor-element-8998a7f elementor-widget elementor-widget-spacer\" data-id=\"8998a7f\" data-element_type=\"widget\" data-e-type=\"widget\" data-settings=\"{&quot;ekit_we_effect_on&quot;:&quot;none&quot;}\" data-widget_type=\"spacer.default\">\n\t\t\t\t<div class=\"elementor-widget-container\">\n\t\t\t\t\t\t\t<div class=\"elementor-spacer\">\n\t\t\t<div class=\"elementor-spacer-inner\"><\/div>\n\t\t<\/div>\n\t\t\t\t\t\t<\/div>\n\t\t\t\t<\/div>\n\t\t\t\t<div class=\"elementor-element elementor-element-012ef31 elementor-widget elementor-widget-heading\" data-id=\"012ef31\" data-element_type=\"widget\" data-e-type=\"widget\" data-settings=\"{&quot;ekit_we_effect_on&quot;:&quot;none&quot;}\" data-widget_type=\"heading.default\">\n\t\t\t\t<div class=\"elementor-widget-container\">\n\t\t\t\t\t<h2 class=\"elementor-heading-title elementor-size-default\">Toegankelijkheid<\/h2>\t\t\t\t<\/div>\n\t\t\t\t<\/div>\n\t\t\t\t\t<\/div>\n\t\t\t\t<\/div>\n\t\t<div class=\"elementor-element elementor-element-7fb2f2d e-flex e-con-boxed e-con e-parent\" data-id=\"7fb2f2d\" data-element_type=\"container\" data-e-type=\"container\" data-settings=\"{&quot;ekit_has_onepagescroll_dot&quot;:&quot;yes&quot;}\">\n\t\t\t\t\t<div class=\"e-con-inner\">\n\t\t\t\t<div class=\"elementor-element elementor-element-e0635b3 elementor-widget elementor-widget-text-editor\" data-id=\"e0635b3\" data-element_type=\"widget\" data-e-type=\"widget\" data-settings=\"{&quot;ekit_we_effect_on&quot;:&quot;none&quot;}\" data-widget_type=\"text-editor.default\">\n\t\t\t\t<div class=\"elementor-widget-container\">\n\t\t\t\t\t\t\t\t\t<p>Aspe Valle Consulting SL verbindt zich ertoe haar website toegankelijk te maken in overeenstemming met Koninklijk Besluit 1112\/2018, betreffende de toegankelijkheid van websites en toepassingen van de overheid voor mobiele apparaten.<\/p><p>Deze toegankelijkheidsverklaring is van toepassing op de website www.asenciohomes.es vanaf 05\/09\/2024, gemaakt door het bedrijf van\u00a0<a href=\"https:\/\/grupozas.com\/\">webdesign in Alicante<\/a>\u00a0ZAS Groep<\/p><p>Nalevingsstatus<\/p><p>Deze website voldoet gedeeltelijk aan RD 1112\/2018 vanwege de uitzonderingen en niet-naleving van de aspecten die in het volgende punt worden aangegeven.<\/p><p>Inhoud niet toegankelijk<\/p><p>De onderstaande inhoud is niet toegankelijk vanwege het volgende: Gebrek aan overeenstemming met RD 1112\/2018 Er kunnen kantoordocumenten in PDF en andere formaten zijn die na 20 september 2018 zijn gepubliceerd en die niet volledig voldoen aan de toegankelijkheidsvereisten. Volledig toegankelijke documenten kunnen worden aangevraagd via het contactformulier om klachten en vragen te formaliseren.<\/p><p>Extra inhoud:<\/p><p>Op deze website zijn een aantal maatregelen genomen om de toegankelijkheid te verbeteren. De voordelen hiervan zijn onder andere<\/p><p>1. De toegang voor mensen vergemakkelijken, ongeacht hun fysieke toestand of omgeving, door middel van een component waarmee het lettertype kan worden vergroot en verkleind, kleuren kunnen worden omgekeerd, de scheiding tussen regels kan worden geregeld, naast andere functies die beschikbaar zijn in browsers.<\/p><p>2. Zorg voor een duidelijke en goed gestructureerde inhoud.<\/p><p>3. Verbeter de navigatie en gebruikerservaring.<\/p>\t\t\t\t\t\t\t\t<\/div>\n\t\t\t\t<\/div>\n\t\t\t\t\t<\/div>\n\t\t\t\t<\/div>\n\t\t\t\t<\/div>","protected":false},"excerpt":{"rendered":"<p>Accesibilidad Aspe Valle Consulting SL se compromete en hacer accesible su sitio web de conformidad con el Real Decreto 1112\/2018, sobre accesibilidad de los sitios webs y aplicaciones para dispositivos m\u00f3viles del sector p\u00fablico. La presente declaraci\u00f3n de accesibilidad se aplica al sitio web www.asenciohomes.es a fecha 05\/09\/2024, creado por la empresa de\u00a0dise\u00f1o web en [&hellip;]<\/p>\n","protected":false},"author":2,"featured_media":0,"parent":0,"menu_order":0,"comment_status":"closed","ping_status":"closed","template":"elementor_header_footer","meta":{"footnotes":""},"class_list":["post-1013","page","type-page","status-publish","hentry"],"yoast_head":"<!-- This site is optimized with the Yoast SEO plugin v27.5 - https:\/\/yoast.com\/product\/yoast-seo-wordpress\/ -->\n<title>Accesibilidad - Asencio Homes<\/title>\n<meta name=\"robots\" content=\"noindex, follow\" \/>\n<meta property=\"og:locale\" content=\"nl_NL\" \/>\n<meta property=\"og:type\" content=\"article\" \/>\n<meta property=\"og:title\" content=\"Accesibilidad - Asencio Homes\" \/>\n<meta property=\"og:description\" content=\"Accesibilidad Aspe Valle Consulting SL se compromete en hacer accesible su sitio web de conformidad con el Real Decreto 1112\/2018, sobre accesibilidad de los sitios webs y aplicaciones para dispositivos m\u00f3viles del sector p\u00fablico. La presente declaraci\u00f3n de accesibilidad se aplica al sitio web www.asenciohomes.es a fecha 05\/09\/2024, creado por la empresa de\u00a0dise\u00f1o web en [&hellip;]\" \/>\n<meta property=\"og:url\" content=\"https:\/\/asenciohomes.com\/nl\/toegankelijkheid\/\" \/>\n<meta property=\"og:site_name\" content=\"Asencio Homes\" \/>\n<meta property=\"article:modified_time\" content=\"2026-03-09T10:00:29+00:00\" \/>\n<meta name=\"twitter:card\" content=\"summary_large_image\" \/>\n<meta name=\"twitter:label1\" content=\"Geschatte leestijd\" \/>\n\t<meta name=\"twitter:data1\" content=\"2 minuten\" \/>\n<script type=\"application\/ld+json\" class=\"yoast-schema-graph\">{\"@context\":\"https:\\\/\\\/schema.org\",\"@graph\":[{\"@type\":\"WebPage\",\"@id\":\"https:\\\/\\\/asenciohomes.com\\\/en\\\/accessibility\\\/\",\"url\":\"https:\\\/\\\/asenciohomes.com\\\/en\\\/accessibility\\\/\",\"name\":\"Accesibilidad - Asencio Homes\",\"isPartOf\":{\"@id\":\"https:\\\/\\\/asenciohomes.com\\\/#website\"},\"datePublished\":\"2024-09-06T07:45:24+00:00\",\"dateModified\":\"2026-03-09T10:00:29+00:00\",\"breadcrumb\":{\"@id\":\"https:\\\/\\\/asenciohomes.com\\\/en\\\/accessibility\\\/#breadcrumb\"},\"inLanguage\":\"nl-NL\",\"potentialAction\":[{\"@type\":\"ReadAction\",\"target\":[\"https:\\\/\\\/asenciohomes.com\\\/en\\\/accessibility\\\/\"]}]},{\"@type\":\"BreadcrumbList\",\"@id\":\"https:\\\/\\\/asenciohomes.com\\\/en\\\/accessibility\\\/#breadcrumb\",\"itemListElement\":[{\"@type\":\"ListItem\",\"position\":1,\"name\":\"Portada\",\"item\":\"https:\\\/\\\/asenciohomes.com\\\/\"},{\"@type\":\"ListItem\",\"position\":2,\"name\":\"Accesibilidad\"}]},{\"@type\":\"WebSite\",\"@id\":\"https:\\\/\\\/asenciohomes.com\\\/#website\",\"url\":\"https:\\\/\\\/asenciohomes.com\\\/\",\"name\":\"Asencio Homes\",\"description\":\"\",\"potentialAction\":[{\"@type\":\"SearchAction\",\"target\":{\"@type\":\"EntryPoint\",\"urlTemplate\":\"https:\\\/\\\/asenciohomes.com\\\/?s={search_term_string}\"},\"query-input\":{\"@type\":\"PropertyValueSpecification\",\"valueRequired\":true,\"valueName\":\"search_term_string\"}}],\"inLanguage\":\"nl-NL\"}]}<\/script>\n<!-- \/ Yoast SEO plugin. -->","yoast_head_json":{"title":"Toegankelijkheid - Asencio Homes","robots":{"index":"noindex","follow":"follow"},"og_locale":"nl_NL","og_type":"article","og_title":"Accesibilidad - Asencio Homes","og_description":"Accesibilidad Aspe Valle Consulting SL se compromete en hacer accesible su sitio web de conformidad con el Real Decreto 1112\/2018, sobre accesibilidad de los sitios webs y aplicaciones para dispositivos m\u00f3viles del sector p\u00fablico. La presente declaraci\u00f3n de accesibilidad se aplica al sitio web www.asenciohomes.es a fecha 05\/09\/2024, creado por la empresa de\u00a0dise\u00f1o web en [&hellip;]","og_url":"https:\/\/asenciohomes.com\/nl\/toegankelijkheid\/","og_site_name":"Asencio Homes","article_modified_time":"2026-03-09T10:00:29+00:00","twitter_card":"summary_large_image","twitter_misc":{"Geschatte leestijd":"2 minuten"},"schema":{"@context":"https:\/\/schema.org","@graph":[{"@type":"WebPage","@id":"https:\/\/asenciohomes.com\/en\/accessibility\/","url":"https:\/\/asenciohomes.com\/en\/accessibility\/","name":"Toegankelijkheid - Asencio Homes","isPartOf":{"@id":"https:\/\/asenciohomes.com\/#website"},"datePublished":"2024-09-06T07:45:24+00:00","dateModified":"2026-03-09T10:00:29+00:00","breadcrumb":{"@id":"https:\/\/asenciohomes.com\/en\/accessibility\/#breadcrumb"},"inLanguage":"nl-NL","potentialAction":[{"@type":"ReadAction","target":["https:\/\/asenciohomes.com\/en\/accessibility\/"]}]},{"@type":"BreadcrumbList","@id":"https:\/\/asenciohomes.com\/en\/accessibility\/#breadcrumb","itemListElement":[{"@type":"ListItem","position":1,"name":"Portada","item":"https:\/\/asenciohomes.com\/"},{"@type":"ListItem","position":2,"name":"Accesibilidad"}]},{"@type":"WebSite","@id":"https:\/\/asenciohomes.com\/#website","url":"https:\/\/asenciohomes.com\/","name":"Asencio Huizen","description":"","potentialAction":[{"@type":"SearchAction","target":{"@type":"EntryPoint","urlTemplate":"https:\/\/asenciohomes.com\/?s={search_term_string}"},"query-input":{"@type":"PropertyValueSpecification","valueRequired":true,"valueName":"search_term_string"}}],"inLanguage":"nl-NL"}]}},"_links":{"self":[{"href":"https:\/\/asenciohomes.com\/nl\/wp-json\/wp\/v2\/pages\/1013","targetHints":{"allow":["GET"]}}],"collection":[{"href":"https:\/\/asenciohomes.com\/nl\/wp-json\/wp\/v2\/pages"}],"about":[{"href":"https:\/\/asenciohomes.com\/nl\/wp-json\/wp\/v2\/types\/page"}],"author":[{"embeddable":true,"href":"https:\/\/asenciohomes.com\/nl\/wp-json\/wp\/v2\/users\/2"}],"replies":[{"embeddable":true,"href":"https:\/\/asenciohomes.com\/nl\/wp-json\/wp\/v2\/comments?post=1013"}],"version-history":[{"count":0,"href":"https:\/\/asenciohomes.com\/nl\/wp-json\/wp\/v2\/pages\/1013\/revisions"}],"wp:attachment":[{"href":"https:\/\/asenciohomes.com\/nl\/wp-json\/wp\/v2\/media?parent=1013"}],"curies":[{"name":"wp","href":"https:\/\/api.w.org\/{rel}","templated":true}]}}